{"id":210,"date":"2021-07-01T08:36:09","date_gmt":"2021-07-01T06:36:09","guid":{"rendered":"https:\/\/jmedia.buges.sk\/?page_id=210"},"modified":"2022-07-28T12:50:51","modified_gmt":"2022-07-28T10:50:51","slug":"210-2","status":"publish","type":"page","link":"https:\/\/www.jmedia.sk\/hu\/","title":{"rendered":"KEZD\u0150LAP"},"content":{"rendered":"\n\n  <div class=\"banner has-hover\" id=\"banner-457565076\">\n          <div class=\"banner-inner fill\">\n        <div class=\"banner-bg fill\" >\n            <div class=\"bg fill bg-fill \"><\/div>\n                        <div class=\"overlay\"><\/div>            \n                    <\/div>\n        <div class=\"banner-layers container\">\n            <div class=\"fill banner-link\"><\/div>            \n\n   <div id=\"text-box-458237062\" class=\"text-box banner-layer x50 md-x50 lg-x50 y50 md-y50 lg-y50 res-text\">\n                                <div class=\"text-box-content text dark\">\n              \n              <div class=\"text-inner text-center\">\n                  \n\n\t<div id=\"text-4177572766\" class=\"text\">\n\t\t\n\n<h1 style=\"text-align: center;\">JMEDIA<\/span><\/h1>\n\t\t\n<style>\n#text-4177572766 {\n  font-size: 1rem;\n}\n@media (min-width:550px) {\n  #text-4177572766 {\n    font-size: 2.25rem;\n  }\n}\n<\/style>\n\t<\/div>\n\t\n<div class=\"row\"  id=\"row-496928449\">\n\n\n\t<div id=\"col-988703730\" class=\"col medium-4 small-12 large-4\"  >\n\t\t<div class=\"col-inner\"  >\n\t\t\t\n\t\t\t\n\n<a data-animate=\"blurIn\" href=\"http:\/\/www.jmedia.sk\/hu\/billboardok\/\" target=\"_self\" class=\"button primary is-outline is-xxlarge box-shadow-1 box-shadow-5-hover expand\"  >\n    <span>BILLBOARDOK<\/span>\n  <\/a>\n\n\n\n\t\t<\/div>\n\t\t\t<\/div>\n\n\t\n\n\t<div id=\"col-1528668374\" class=\"col medium-4 small-12 large-4\"  >\n\t\t<div class=\"col-inner\"  >\n\t\t\t\n\t\t\t\n\n<a data-animate=\"blurIn\" href=\"http:\/\/www.jmedia.sk\/hu\/reklamok\/\" target=\"_self\" class=\"button primary is-outline is-xxlarge box-shadow-4 box-shadow-5-hover expand\"  >\n    <span>REKL\u00c1MOK<\/span>\n  <\/a>\n\n\n\n\t\t<\/div>\n\t\t\t<\/div>\n\n\t\n\n\t<div id=\"col-1775914645\" class=\"col medium-4 small-12 large-4\"  >\n\t\t<div class=\"col-inner\"  >\n\t\t\t\n\t\t\t\n\n<a data-animate=\"blurIn\" href=\"http:\/\/www.jmedia.sk\/hu\/honlapok\/\" target=\"_self\" class=\"button primary is-outline is-xxlarge box-shadow-4 box-shadow-5-hover expand\"  >\n    <span>HONLAPOK<\/span>\n  <\/a>\n\n\n\n\t\t<\/div>\n\t\t\t<\/div>\n\n\t\n\n<\/div>\n\n              <\/div>\n           <\/div>\n                            \n<style>\n#text-box-458237062 {\n  width: 89%;\n}\n#text-box-458237062 .text-box-content {\n  font-size: 100%;\n}\n@media (min-width:550px) {\n  #text-box-458237062 {\n    width: 100%;\n  }\n}\n<\/style>\n    <\/div>\n \n\n        <\/div>\n      <\/div>\n\n            \n<style>\n#banner-457565076 {\n  padding-top: 500px;\n}\n#banner-457565076 .bg.bg-loaded {\n  background-image: url(https:\/\/www.jmedia.sk\/wp-content\/uploads\/2021\/07\/JMEDIA-Reklamna\u0301-agentu\u0301ra-Koma\u0301rno-1024x576.jpeg);\n}\n#banner-457565076 .overlay {\n  background-color: rgba(0, 0, 0, 0.57);\n}\n<\/style>\n  <\/div>\n\n\n\t<section class=\"section\" id=\"section_1117878009\">\n\t\t<div class=\"bg section-bg fill bg-fill  bg-loaded\" >\n\n\t\t\t\n\t\t\t\n\t\t\t\n\n\t\t<\/div>\n\n\t\t<div class=\"section-content relative\">\n\t\t\t\n\n<div class=\"row align-equal\"  id=\"row-2048088115\">\n\n\n\t<div id=\"col-336148760\" class=\"col medium-6 small-12 large-6\"  >\n\t\t<div class=\"col-inner\"  >\n\t\t\t\n\t\t\t\n\n<h2>R\u00d3LUNK<\/h2>\n<p>C\u00e9g\u00fcnket 2008-ban alap\u00edtottuk.<\/p>\n<p>Egyszer\u0171 honlapok k\u00e9sz\u00edt\u00e9s\u00e9vel, billboardok b\u00e9rbead\u00e1s\u00e1val \u00e9s rekl\u00e1mok k\u00e9sz\u00edt\u00e9s\u00e9vel, illetve ezek k\u00f6zvet\u00edt\u00e9s\u00e9vel foglalkozunk<\/p>\n<p><strong>TEL.:<\/strong> 0907781476, 0918404477<\/p>\n<p><strong>E-MAIL:<\/strong> jmediasro@gmail.com<\/p>\n<p><strong>Post\u00e1z\u00e1si c\u00edm:<\/strong> Jmedia s.r.o. E\u00f6tv\u00f6sa 26\/9 94501 Kom\u00e1rno<\/p>\n<p><strong>I\u010cO:<\/strong> 44494530<\/p>\n<p><strong>DI\u010c:<\/strong> 2022723857<\/p>\n<p><em>(C\u00c9G\u00dcNK NEM \u00c1FA FIZET\u0150)<\/em><\/p>\n\n\t\t<\/div>\n\t\t\t<\/div>\n\n\t\n\n\t<div id=\"col-1773572235\" class=\"col medium-6 small-12 large-6\"  >\n\t\t<div class=\"col-inner\"  >\n\t\t\t\n\t\t\t\n\n<ul class=\"sidebar-wrapper ul-reset\"><aside id=\"custom_html-2\" class=\"widget_text widget widget_custom_html\"><div class=\"textwidget custom-html-widget\"><iframe src=\"https:\/\/www.google.com\/maps\/embed?pb=!1m18!1m12!1m3!1d2682.1155626677632!2d18.120002616240104!3d47.759812785373654!2m3!1f0!2f0!3f0!3m2!1i1024!2i768!4f13.1!3m3!1m2!1s0x476bad576529ae53%3A0xc2994264addcd2fb!2sjmedia%20sro!5e0!3m2!1ssk!2ssk!4v1624273410091!5m2!1ssk!2ssk\" width=\"100%\" height=\"450\" style=\"border:0;\" allowfullscreen=\"\" loading=\"lazy\"><\/iframe><\/div><\/aside><\/ul>\n\n\n\t\t<\/div>\n\t\t\t<\/div>\n\n\t\n\n<\/div>\n\n\t\t<\/div>\n\n\t\t\n<style>\n#section_1117878009 {\n  padding-top: 30px;\n  padding-bottom: 30px;\n}\n<\/style>\n\t<\/section>\n\t\n\n","protected":false},"excerpt":{"rendered":"","protected":false},"author":1,"featured_media":0,"parent":0,"menu_order":0,"comment_status":"closed","ping_status":"closed","template":"page-blank.php","meta":{"footnotes":""},"class_list":["post-210","page","type-page","status-publish","hentry"],"_links":{"self":[{"href":"https:\/\/www.jmedia.sk\/hu\/wp-json\/wp\/v2\/pages\/210","targetHints":{"allow":["GET"]}}],"collection":[{"href":"https:\/\/www.jmedia.sk\/hu\/wp-json\/wp\/v2\/pages"}],"about":[{"href":"https:\/\/www.jmedia.sk\/hu\/wp-json\/wp\/v2\/types\/page"}],"author":[{"embeddable":true,"href":"https:\/\/www.jmedia.sk\/hu\/wp-json\/wp\/v2\/users\/1"}],"replies":[{"embeddable":true,"href":"https:\/\/www.jmedia.sk\/hu\/wp-json\/wp\/v2\/comments?post=210"}],"version-history":[{"count":11,"href":"https:\/\/www.jmedia.sk\/hu\/wp-json\/wp\/v2\/pages\/210\/revisions"}],"predecessor-version":[{"id":291,"href":"https:\/\/www.jmedia.sk\/hu\/wp-json\/wp\/v2\/pages\/210\/revisions\/291"}],"wp:attachment":[{"href":"https:\/\/www.jmedia.sk\/hu\/wp-json\/wp\/v2\/media?parent=210"}],"curies":[{"name":"wp","href":"https:\/\/api.w.org\/{rel}","templated":true}]}}